{"id":6,"date":"2005-10-15T09:29:36","date_gmt":"2005-10-15T07:29:36","guid":{"rendered":"http:\/\/www.braintank.ch\/wp\/?page_id=6"},"modified":"2018-04-22T18:42:32","modified_gmt":"2018-04-22T16:42:32","slug":"impressum","status":"publish","type":"page","link":"https:\/\/braintank.ch\/?page_id=6","title":{"rendered":"Impressum"},"content":{"rendered":"<p><strong>Damit auch alles gesagt ist, was man so sagen sollte<\/strong><\/p>\n<h3>Urheberrecht<\/h3>\n<p>Alle Urheber- und anderen Rechte am gesamten Inhalt der Webseite der Webseite bleiben vorbehalten. Gewisse Daten und Kommentare sind das geistige Eigentum von Dritten, deren Urheberrechte ebenfalls vorbehalten bleiben. Insbesondere d\u00fcrfen Daten nicht vertrieben, verkauft, weitergeleitet oder Dritten sonst wie zur Verf\u00fcgung gestellt werden. Das Herunterladen oder Ausdrucken von Seiten ist nur unter vollst\u00e4ndiger Quellenangabe erlaubt.<\/p>\n<p>Die Vervielf\u00e4ltigung, Bearbeitung, Verbreitung und jede Art der Verwertung ausserhalb der Grenzen des Urheberrechtes bed\u00fcrfen der schriftlichen Zustimmung des jeweiligen Autors bzw. Erstellers. Downloads und Kopien dieser Seite sind nur f\u00fcr den privaten, nicht kommerziellen Gebrauch gestattet. Soweit die Inhalte auf dieser Seite nicht vom Betreiber erstellt wurden, werden die Urheberrechte Dritter beachtet. Insbesondere werden Inhalte Dritter als solche gekennzeichnet. Sollten Sie trotzdem auf eine Urheberrechtsverletzung aufmerksam werden, bitten wir um einen entsprechenden Hinweis. Bei Bekanntwerden von Rechtsverletzungen werden wir derartige Inhalte umgehend entfernen.<\/p>\n<p>Alle Urheber- und anderen Rechte am gesamten Inhalt der Webseite der Webseite bleiben vorbehalten. Gewisse Daten und Kommentare sind das geistige Eigentum von Dritten, deren Urheberrechte ebenfalls vorbehalten bleiben. Insbesondere d\u00fcrfen Daten nicht vertrieben, verkauft, weitergeleitet oder Dritten sonst wie zur Verf\u00fcgung gestellt werden. Das Herunterladen oder Ausdrucken von Seiten ist nur unter vollst\u00e4ndiger Quellenangabe erlaubt.<\/p>\n<h3>Haftung f\u00fcr Links<\/h3>\n<p>Die mit dieser Webseite &#171;verlinkten&#187; Websites bzw. Websites, die Links auf diese Site anbieten, sind dem Einfluss des Erstellers vollst\u00e4ndig entzogen, weshalb dieser f\u00fcr Richtigkeit, Vollst\u00e4ndigkeit und Rechtm\u00e4ssigkeit des Inhalts solcher Websites keinerlei Verantwortung \u00fcbernehmen. Das Herstellen von Verbindungen zu diesen Sites oder anderen Websites erfolgt auf eigenes Risiko.<\/p>\n<h3>Was sonst noch wichtig ist<\/h3>\n<p>Die Webseite wurde unter Anwendung gr\u00f6sst m\u00f6glicher Sorgfalt redigiert. Tortzdem lehnt der Ersteller jegliche Haftung f\u00fcr allf\u00e4llige Verluste, Sch\u00e4den oder Unannehmlichkeiten irgendwelcher Art ab, welche durch den Gebrauch dieser Webseite bzw. der darin enthaltenen Informationen entstehen. Informationen auf dieser Webseite k\u00f6nnen jederzeit und ohne besondere Ank\u00fcndigung ge\u00e4ndert werden.<\/p>\n<p>Die Wiedergabe von Daten Dritter erfolgt ohne Gew\u00e4hr. Weder der Ersteller noch ein Informationsanbieter oder ein Dritter, der dem Informationsanbieter Daten zur Verf\u00fcgung stellt, \u00fcbernehmen eine Garantie f\u00fcr jegliche Sch\u00e4den oder Folgesch\u00e4den aus falsch, ungenau oder unvollst\u00e4ndig wiedergegeben Informationen oder Berechnungen auf der Website. Die Besucher der Webseite sind aufgerufen, die erhaltenen Informationen auf ihre Integrit\u00e4t hin zu \u00fcberpr\u00fcfen und ihre Entscheide aufgrund eigener Abkl\u00e4rungen zu treffen.<\/p>\n<h3>F\u00fcr unsere Freunde in der EU und Deutschland<\/h3>\n<p>Als Diensteanbieter sind wir gem\u00e4ss \u00a7 7 Abs.1 TMG f\u00fcr eigene Inhalte auf diesen Seiten nach den allgemeinen Gesetzen verantwortlich. Nach \u00a7\u00a7 8 bis 10 TMG sind wir als Diensteanbieter jedoch nicht verpflichtet, \u00fcbermittelte oder gespeicherte fremde Informationen zu \u00fcberwachen oder nach Umst\u00e4nden zu forschen, die auf eine rechtswidrige T\u00e4tigkeit hinweisen. Verpflichtungen zur Entfernung oder Sperrung der Nutzung von Informationen nach den allgemeinen Gesetzen bleiben hiervon unber\u00fchrt. Eine diesbez\u00fcgliche Haftung ist jedoch erst ab dem Zeitpunkt der Kenntnis einer konkreten Rechtsverletzung m\u00f6glich. Bei Bekanntwerden von entsprechenden Rechtsverletzungen werden wir diese Inhalte umgehend entfernen.<\/p>\n<p>Diese Website ist ein publizistisches Angebot des Verantwortlichen im Sinn von \u00a7 5 TMG, \u00a7 55 RfStV:<\/p>\n<p>Martin Wettstein<br \/>\nStationsstrasse 35<\/p>\n<p>8606 N\u00e4nikon<\/p>\n<p>Zur <a href=\"http:\/\/www.braintank.ch\/wp\/?page_id=5760\" target=\"_blank\" rel=\"noopener\">Datenschutzerkl\u00e4rung geht es hier<\/a>.<\/p>\n","protected":false},"excerpt":{"rendered":"<p>Damit auch alles gesagt ist, was man so sagen sollte Urheberrecht Alle Urheber- und anderen Rechte am gesamten Inhalt der Webseite der Webseite bleiben vorbehalten. Gewisse Daten und Kommentare sind das geistige Eigentum von Dritten, deren Urheberrechte ebenfalls vorbehalten bleiben. Insbesondere d\u00fcrfen Daten nicht vertrieben, verkauft, weitergeleitet oder Dritten sonst wie zur Verf\u00fcgung gestellt werden. [&hellip;]<\/p>\n","protected":false},"author":1,"featured_media":0,"parent":0,"menu_order":0,"comment_status":"closed","ping_status":"closed","template":"","meta":{"advanced_seo_description":"","jetpack_seo_html_title":"","jetpack_seo_noindex":false,"footnotes":""},"class_list":["post-6","page","type-page","status-publish","hentry","missing-thumbnail"],"jetpack_sharing_enabled":true,"jetpack-related-posts":[{"id":5760,"url":"https:\/\/braintank.ch\/?page_id=5760","url_meta":{"origin":6,"position":0},"title":"Datenschutzerkl\u00e4rung","author":"admin","date":"22. April 2018","format":false,"excerpt":"Datenschutzerkl\u00e4rung Diese Datenschutzerkl\u00e4rung kl\u00e4rt Sie \u00fcber die Art, den Umfang und Zweck der Verarbeitung von personenbezogenen Daten (nachfolgend kurz \u201eDaten\u201c) innerhalb unseres Onlineangebotes und der mit ihm verbundenen Webseiten, Funktionen und Inhalte sowie externen Onlinepr\u00e4senzen, wie z.B. unser Social Media Profile auf. (nachfolgend gemeinsam bezeichnet als \u201eOnlineangebot\u201c). Im Hinblick auf\u2026","rel":"","context":"Similar post","block_context":{"text":"Similar post","link":""},"img":{"alt_text":"","src":"","width":0,"height":0},"classes":[]},{"id":7691,"url":"https:\/\/braintank.ch\/?page_id=7691","url_meta":{"origin":6,"position":1},"title":"Curriculum vitae","author":"admin","date":"14. M\u00e4rz 2021","format":false,"excerpt":"Mein Name ist Martin Wettstein. Ich glaube an das Gute in den Menschen, die N\u00fctzlichkeit von Computern und dass Wissen und Erfahrung einen Unterschied machen. Seit 2005 schreibe ich in diesem Blog \u00fcber Worte und Themen, die mich besch\u00e4ftigen. Menschen Menschen sind die wertvollste Ressource in jedem Unternehmen und so\u2026","rel":"","context":"Similar post","block_context":{"text":"Similar post","link":""},"img":{"alt_text":"","src":"https:\/\/i0.wp.com\/braintank.ch\/wp-content\/uploads\/2021\/03\/small_bba_5407.jpg?resize=350%2C200&ssl=1","width":350,"height":200,"srcset":"https:\/\/i0.wp.com\/braintank.ch\/wp-content\/uploads\/2021\/03\/small_bba_5407.jpg?resize=350%2C200&ssl=1 1x, https:\/\/i0.wp.com\/braintank.ch\/wp-content\/uploads\/2021\/03\/small_bba_5407.jpg?resize=525%2C300&ssl=1 1.5x, https:\/\/i0.wp.com\/braintank.ch\/wp-content\/uploads\/2021\/03\/small_bba_5407.jpg?resize=700%2C400&ssl=1 2x, https:\/\/i0.wp.com\/braintank.ch\/wp-content\/uploads\/2021\/03\/small_bba_5407.jpg?resize=1050%2C600&ssl=1 3x"},"classes":[]}],"_links":{"self":[{"href":"https:\/\/braintank.ch\/index.php?rest_route=\/wp\/v2\/pages\/6","targetHints":{"allow":["GET"]}}],"collection":[{"href":"https:\/\/braintank.ch\/index.php?rest_route=\/wp\/v2\/pages"}],"about":[{"href":"https:\/\/braintank.ch\/index.php?rest_route=\/wp\/v2\/types\/page"}],"author":[{"embeddable":true,"href":"https:\/\/braintank.ch\/index.php?rest_route=\/wp\/v2\/users\/1"}],"replies":[{"embeddable":true,"href":"https:\/\/braintank.ch\/index.php?rest_route=%2Fwp%2Fv2%2Fcomments&post=6"}],"version-history":[{"count":0,"href":"https:\/\/braintank.ch\/index.php?rest_route=\/wp\/v2\/pages\/6\/revisions"}],"wp:attachment":[{"href":"https:\/\/braintank.ch\/index.php?rest_route=%2Fwp%2Fv2%2Fmedia&parent=6"}],"curies":[{"name":"wp","href":"https:\/\/api.w.org\/{rel}","templated":true}]}}